{"id":176,"date":"2021-02-27T16:37:40","date_gmt":"2021-02-27T16:37:40","guid":{"rendered":"http:\/\/mygoalthemes.com\/demo\/medil\/?page_id=176"},"modified":"2023-01-14T13:58:11","modified_gmt":"2023-01-14T10:58:11","slug":"contact","status":"publish","type":"page","link":"http:\/\/mdsmeubles.be\/meubles\/contact\/","title":{"rendered":"Contact"},"content":{"rendered":"\t\t<div data-elementor-type=\"wp-page\" data-elementor-id=\"176\" class=\"elementor elementor-176\">\n\t\t\t\t\t\t\t\t\t<section class=\"elementor-section elementor-top-section elementor-element elementor-element-95f29ff elementor-section-boxed elementor-section-height-default elementor-section-height-default\" data-id=\"95f29ff\" data-element_type=\"section\">\n\t\t\t\t\t\t<div class=\"elementor-container elementor-column-gap-default\">\n\t\t\t\t\t<div class=\"elementor-column elementor-col-100 elementor-top-column elementor-element elementor-element-d93b743\" data-id=\"d93b743\" data-element_type=\"column\">\n\t\t\t<div class=\"elementor-widget-wrap elementor-element-populated\">\n\t\t\t\t\t\t\t\t<div class=\"elementor-element elementor-element-fd13e22 elementor-widget elementor-widget-image\" data-id=\"fd13e22\" data-element_type=\"widget\" data-widget_type=\"image.default\">\n\t\t\t\t<div class=\"elementor-widget-container\">\n\t\t\t<style>\/*! elementor - v3.12.2 - 23-04-2023 *\/\n.elementor-widget-image{text-align:center}.elementor-widget-image a{display:inline-block}.elementor-widget-image a img[src$=\".svg\"]{width:48px}.elementor-widget-image img{vertical-align:middle;display:inline-block}<\/style>\t\t\t\t\t\t\t\t\t\t\t\t<img loading=\"lazy\" decoding=\"async\" width=\"1920\" height=\"650\" src=\"http:\/\/mdsmeubles.be\/meubles\/wp-content\/uploads\/2022\/03\/bg-testimonial.jpg\" class=\"attachment-full size-full wp-image-10716\" alt=\"\" srcset=\"http:\/\/mdsmeubles.be\/meubles\/wp-content\/uploads\/2022\/03\/bg-testimonial.jpg 1920w, http:\/\/mdsmeubles.be\/meubles\/wp-content\/uploads\/2022\/03\/bg-testimonial-300x102.jpg 300w, http:\/\/mdsmeubles.be\/meubles\/wp-content\/uploads\/2022\/03\/bg-testimonial-1024x347.jpg 1024w, http:\/\/mdsmeubles.be\/meubles\/wp-content\/uploads\/2022\/03\/bg-testimonial-768x260.jpg 768w, http:\/\/mdsmeubles.be\/meubles\/wp-content\/uploads\/2022\/03\/bg-testimonial-1536x520.jpg 1536w, http:\/\/mdsmeubles.be\/meubles\/wp-content\/uploads\/2022\/03\/bg-testimonial-600x203.jpg 600w\" sizes=\"auto, (max-width: 1920px) 100vw, 1920px\" \/>\t\t\t\t\t\t\t\t\t\t\t\t\t\t\t<\/div>\n\t\t\t\t<\/div>\n\t\t\t\t\t<\/div>\n\t\t<\/div>\n\t\t\t\t\t\t\t<\/div>\n\t\t<\/section>\n\t\t\t\t<section class=\"elementor-section elementor-top-section elementor-element elementor-element-94cd42e elementor-section-boxed elementor-section-height-default elementor-section-height-default\" data-id=\"94cd42e\" data-element_type=\"section\">\n\t\t\t\t\t\t<div class=\"elementor-container elementor-column-gap-extended\">\n\t\t\t\t\t<div class=\"elementor-column elementor-col-100 elementor-top-column elementor-element elementor-element-3190f89\" data-id=\"3190f89\" data-element_type=\"column\">\n\t\t\t<div class=\"elementor-widget-wrap elementor-element-populated\">\n\t\t\t\t\t\t\t\t<div class=\"elementor-element elementor-element-ce94640 elementor-widget elementor-widget-google_maps\" data-id=\"ce94640\" data-element_type=\"widget\" data-widget_type=\"google_maps.default\">\n\t\t\t\t<div class=\"elementor-widget-container\">\n\t\t\t<style>\/*! elementor - v3.12.2 - 23-04-2023 *\/\n.elementor-widget-google_maps .elementor-widget-container{overflow:hidden}.elementor-widget-google_maps .elementor-custom-embed{line-height:0}.elementor-widget-google_maps iframe{height:300px}<\/style>\t\t<div class=\"elementor-custom-embed\">\n\t\t\t<iframe loading=\"lazy\"\n\t\t\t\t\tsrc=\"https:\/\/maps.google.com\/maps?q=RUE%20HAMO%C4%B0R%2024%20LA%20LOUV%C4%B0%C3%88RE%2C%20BELG%C4%B0QUE&#038;t=m&#038;z=17&#038;output=embed&#038;iwloc=near\"\n\t\t\t\t\ttitle=\"RUE HAMO\u0130R 24 LA LOUV\u0130\u00c8RE, BELG\u0130QUE\"\n\t\t\t\t\taria-label=\"RUE HAMO\u0130R 24 LA LOUV\u0130\u00c8RE, BELG\u0130QUE\"\n\t\t\t><\/iframe>\n\t\t<\/div>\n\t\t\t\t<\/div>\n\t\t\t\t<\/div>\n\t\t\t\t\t<\/div>\n\t\t<\/div>\n\t\t\t\t\t\t\t<\/div>\n\t\t<\/section>\n\t\t\t\t<section class=\"elementor-section elementor-top-section elementor-element elementor-element-b2ebf90 elementor-section-boxed elementor-section-height-default elementor-section-height-default\" data-id=\"b2ebf90\" data-element_type=\"section\" data-settings=\"{&quot;shape_divider_top&quot;:&quot;wave-brush&quot;}\">\n\t\t\t\t\t\t\t<div class=\"elementor-background-overlay\"><\/div>\n\t\t\t\t\t\t<div class=\"elementor-shape elementor-shape-top\" data-negative=\"false\">\n\t\t\t<svg xmlns=\"http:\/\/www.w3.org\/2000\/svg\" viewBox=\"0 0 283.5 27.8\" preserveAspectRatio=\"none\">\n\t<path class=\"elementor-shape-fill\" d=\"M283.5,9.7c0,0-7.3,4.3-14,4.6c-6.8,0.3-12.6,0-20.9-1.5c-11.3-2-33.1-10.1-44.7-5.7\ts-12.1,4.6-18,7.4c-6.6,3.2-20,9.6-36.6,9.3C131.6,23.5,99.5,7.2,86.3,8c-1.4,0.1-6.6,0.8-10.5,2c-3.8,1.2-9.4,3.8-17,4.7\tc-3.2,0.4-8.3,1.1-14.2,0.9c-1.5-0.1-6.3-0.4-12-1.6c-5.7-1.2-11-3.1-15.8-3.7C6.5,9.2,0,10.8,0,10.8V0h283.5V9.7z M260.8,11.3\tc-0.7-1-2-0.4-4.3-0.4c-2.3,0-6.1-1.2-5.8-1.1c0.3,0.1,3.1,1.5,6,1.9C259.7,12.2,261.4,12.3,260.8,11.3z M242.4,8.6\tc0,0-2.4-0.2-5.6-0.9c-3.2-0.8-10.3-2.8-15.1-3.5c-8.2-1.1-15.8,0-15.1,0.1c0.8,0.1,9.6-0.6,17.6,1.1c3.3,0.7,9.3,2.2,12.4,2.7\tC239.9,8.7,242.4,8.6,242.4,8.6z M185.2,8.5c1.7-0.7-13.3,4.7-18.5,6.1c-2.1,0.6-6.2,1.6-10,2c-3.9,0.4-8.9,0.4-8.8,0.5\tc0,0.2,5.8,0.8,11.2,0c5.4-0.8,5.2-1.1,7.6-1.6C170.5,14.7,183.5,9.2,185.2,8.5z M199.1,6.9c0.2,0-0.8-0.4-4.8,1.1\tc-4,1.5-6.7,3.5-6.9,3.7c-0.2,0.1,3.5-1.8,6.6-3C197,7.5,199,6.9,199.1,6.9z M283,6c-0.1,0.1-1.9,1.1-4.8,2.5s-6.9,2.8-6.7,2.7\tc0.2,0,3.5-0.6,7.4-2.5C282.8,6.8,283.1,5.9,283,6z M31.3,11.6c0.1-0.2-1.9-0.2-4.5-1.2s-5.4-1.6-7.8-2C15,7.6,7.3,8.5,7.7,8.6\tC8,8.7,15.9,8.3,20.2,9.3c2.2,0.5,2.4,0.5,5.7,1.6S31.2,11.9,31.3,11.6z M73,9.2c0.4-0.1,3.5-1.6,8.4-2.6c4.9-1.1,8.9-0.5,8.9-0.8\tc0-0.3-1-0.9-6.2-0.3S72.6,9.3,73,9.2z M71.6,6.7C71.8,6.8,75,5.4,77.3,5c2.3-0.3,1.9-0.5,1.9-0.6c0-0.1-1.1-0.2-2.7,0.2\tC74.8,5.1,71.4,6.6,71.6,6.7z M93.6,4.4c0.1,0.2,3.5,0.8,5.6,1.8c2.1,1,1.8,0.6,1.9,0.5c0.1-0.1-0.8-0.8-2.4-1.3\tC97.1,4.8,93.5,4.2,93.6,4.4z M65.4,11.1c-0.1,0.3,0.3,0.5,1.9-0.2s2.6-1.3,2.2-1.2s-0.9,0.4-2.5,0.8C65.3,10.9,65.5,10.8,65.4,11.1\tz M34.5,12.4c-0.2,0,2.1,0.8,3.3,0.9c1.2,0.1,2,0.1,2-0.2c0-0.3-0.1-0.5-1.6-0.4C36.6,12.8,34.7,12.4,34.5,12.4z M152.2,21.1\tc-0.1,0.1-2.4-0.3-7.5-0.3c-5,0-13.6-2.4-17.2-3.5c-3.6-1.1,10,3.9,16.5,4.1C150.5,21.6,152.3,21,152.2,21.1z\"\/>\n\t<path class=\"elementor-shape-fill\" d=\"M269.6,18c-0.1-0.1-4.6,0.3-7.2,0c-7.3-0.7-17-3.2-16.6-2.9c0.4,0.3,13.7,3.1,17,3.3\tC267.7,18.8,269.7,18,269.6,18z\"\/>\n\t<path class=\"elementor-shape-fill\" d=\"M227.4,9.8c-0.2-0.1-4.5-1-9.5-1.2c-5-0.2-12.7,0.6-12.3,0.5c0.3-0.1,5.9-1.8,13.3-1.2\tS227.6,9.9,227.4,9.8z\"\/>\n\t<path class=\"elementor-shape-fill\" d=\"M204.5,13.4c-0.1-0.1,2-1,3.2-1.1c1.2-0.1,2,0,2,0.3c0,0.3-0.1,0.5-1.6,0.4\tC206.4,12.9,204.6,13.5,204.5,13.4z\"\/>\n\t<path class=\"elementor-shape-fill\" d=\"M201,10.6c0-0.1-4.4,1.2-6.3,2.2c-1.9,0.9-6.2,3.1-6.1,3.1c0.1,0.1,4.2-1.6,6.3-2.6\tS201,10.7,201,10.6z\"\/>\n\t<path class=\"elementor-shape-fill\" d=\"M154.5,26.7c-0.1-0.1-4.6,0.3-7.2,0c-7.3-0.7-17-3.2-16.6-2.9c0.4,0.3,13.7,3.1,17,3.3\tC152.6,27.5,154.6,26.8,154.5,26.7z\"\/>\n\t<path class=\"elementor-shape-fill\" d=\"M41.9,19.3c0,0,1.2-0.3,2.9-0.1c1.7,0.2,5.8,0.9,8.2,0.7c4.2-0.4,7.4-2.7,7-2.6\tc-0.4,0-4.3,2.2-8.6,1.9c-1.8-0.1-5.1-0.5-6.7-0.4S41.9,19.3,41.9,19.3z\"\/>\n\t<path class=\"elementor-shape-fill\" d=\"M75.5,12.6c0.2,0.1,2-0.8,4.3-1.1c2.3-0.2,2.1-0.3,2.1-0.5c0-0.1-1.8-0.4-3.4,0\tC76.9,11.5,75.3,12.5,75.5,12.6z\"\/>\n\t<path class=\"elementor-shape-fill\" d=\"M15.6,13.2c0-0.1,4.3,0,6.7,0.5c2.4,0.5,5,1.9,5,2c0,0.1-2.7-0.8-5.1-1.4\tC19.9,13.7,15.7,13.3,15.6,13.2z\"\/>\n<\/svg>\t\t<\/div>\n\t\t\t\t\t<div class=\"elementor-container elementor-column-gap-default\">\n\t\t\t\t\t<div class=\"elementor-column elementor-col-33 elementor-top-column elementor-element elementor-element-c9ae341\" data-id=\"c9ae341\" data-element_type=\"column\">\n\t\t\t<div class=\"elementor-widget-wrap elementor-element-populated\">\n\t\t\t\t\t\t\t\t<div class=\"elementor-element elementor-element-075a017 elementor-widget elementor-widget-text-editor\" data-id=\"075a017\" data-element_type=\"widget\" data-widget_type=\"text-editor.default\">\n\t\t\t\t<div class=\"elementor-widget-container\">\n\t\t\t<style>\/*! elementor - v3.12.2 - 23-04-2023 *\/\n.elementor-widget-text-editor.elementor-drop-cap-view-stacked .elementor-drop-cap{background-color:#69727d;color:#fff}.elementor-widget-text-editor.elementor-drop-cap-view-framed .elementor-drop-cap{color:#69727d;border:3px solid;background-color:transparent}.elementor-widget-text-editor:not(.elementor-drop-cap-view-default) .elementor-drop-cap{margin-top:8px}.elementor-widget-text-editor:not(.elementor-drop-cap-view-default) .elementor-drop-cap-letter{width:1em;height:1em}.elementor-widget-text-editor .elementor-drop-cap{float:left;text-align:center;line-height:1;font-size:50px}.elementor-widget-text-editor .elementor-drop-cap-letter{display:inline-block}<\/style>\t\t\t\t<h2>MDS MEUBLES<\/h2><div><strong>MDS Meubles Deco Shop Center<\/strong><\/div><div><div data-id=\"8774854\" data-element_type=\"widget\" data-widget_type=\"text-editor.default\"><div><p>\u00a0<\/p><p>RUE HAMO\u0130R 24 &amp; RUE DE BELLE VUE 19<\/p><p>LA LOUV\u0130\u00c8RE<\/p><\/div><\/div><div>Tel: 064 26 17 81<\/div><div>\u00a0<\/div><div><a href=\"mailto:info@mdsmeubles.be\" target=\"_blank\" rel=\"noopener\">info@mdsmeubles.be<\/a><\/div><\/div>\t\t\t\t\t\t<\/div>\n\t\t\t\t<\/div>\n\t\t\t\t\t<\/div>\n\t\t<\/div>\n\t\t\t\t<div class=\"elementor-column elementor-col-33 elementor-top-column elementor-element elementor-element-acd0c1e\" data-id=\"acd0c1e\" data-element_type=\"column\">\n\t\t\t<div class=\"elementor-widget-wrap elementor-element-populated\">\n\t\t\t\t\t\t\t\t<div class=\"elementor-element elementor-element-1466a17 elementor-widget elementor-widget-text-editor\" data-id=\"1466a17\" data-element_type=\"widget\" data-widget_type=\"text-editor.default\">\n\t\t\t\t<div class=\"elementor-widget-container\">\n\t\t\t\t\t\t\t<h2>MDS DECO SHOP<\/h2><div><div data-id=\"d2554dd\" data-element_type=\"widget\" data-widget_type=\"heading.default\"><div><div><strong>MDS Deco Shop<\/strong><\/div><div>\u00a0<\/div><div>RUE HAMO\u0130R 22 LA LOUV\u0130\u00c8RE<\/div><div>\u00a0<\/div><\/div><\/div><div><div><div data-id=\"3d6f7ee\" data-element_type=\"widget\" data-widget_type=\"text-editor.default\"><div><p>Tel: 064 26 17 81<\/p><\/div><\/div><div><a href=\"mailto:info@mdsmeubles.be\" target=\"_blank\" rel=\"noopener\">info@mdsmeubles.be<\/a><\/div><\/div><\/div><\/div>\t\t\t\t\t\t<\/div>\n\t\t\t\t<\/div>\n\t\t\t\t\t<\/div>\n\t\t<\/div>\n\t\t\t\t<div class=\"elementor-column elementor-col-33 elementor-top-column elementor-element elementor-element-6dcdd51\" data-id=\"6dcdd51\" data-element_type=\"column\">\n\t\t\t<div class=\"elementor-widget-wrap elementor-element-populated\">\n\t\t\t\t\t\t\t\t<div class=\"elementor-element elementor-element-ddda144 elementor-widget elementor-widget-text-editor\" data-id=\"ddda144\" data-element_type=\"widget\" data-widget_type=\"text-editor.default\">\n\t\t\t\t<div class=\"elementor-widget-container\">\n\t\t\t\t\t\t\t<h2><strong>MDS MEUBLES 2<\/strong><\/h2>\n<div>\n<div data-id=\"ca2d5dc\" data-element_type=\"widget\" data-widget_type=\"heading.default\">\n<div>\n<div><strong>MDS Meubles Deco Shop Center 2<\/strong><\/div>\n<div>&nbsp;<\/div>\n<div>RUE ALBERT 1er 27 LA LOUV\u0130\u00c8RE<br><\/div>\n<div><br><\/div>\n<\/div>\n<\/div>\n<div>\n<div data-id=\"a4319aa\" data-element_type=\"widget\" data-widget_type=\"text-editor.default\">\n<div>\n<div data-id=\"a4319aa\" data-element_type=\"widget\" data-widget_type=\"text-editor.default\">\n<div>\n<p>Tel: 064 26 17 81<\/p>\n<\/div>\n<\/div>\n<div data-id=\"4022c5e\" data-element_type=\"widget\" data-widget_type=\"text-editor.default\">\n<div><a href=\"mailto:info@mdsmeubles.be\" target=\"_blank\" rel=\"noopener\">info@mdsmeubles.be<\/a><\/div>\n<\/div>\n<\/div>\n<\/div>\n<\/div>\n<\/div>\t\t\t\t\t\t<\/div>\n\t\t\t\t<\/div>\n\t\t\t\t\t<\/div>\n\t\t<\/div>\n\t\t\t\t\t\t\t<\/div>\n\t\t<\/section>\n\t\t\t\t<section class=\"elementor-section elementor-top-section elementor-element elementor-element-dfb90e0 elementor-section-boxed elementor-section-height-default elementor-section-height-default\" data-id=\"dfb90e0\" data-element_type=\"section\">\n\t\t\t\t\t\t<div class=\"elementor-container elementor-column-gap-default\">\n\t\t\t\t\t<div class=\"elementor-column elementor-col-100 elementor-top-column elementor-element elementor-element-d61daad\" data-id=\"d61daad\" data-element_type=\"column\">\n\t\t\t<div class=\"elementor-widget-wrap elementor-element-populated\">\n\t\t\t\t\t\t\t\t<div class=\"elementor-element elementor-element-f8d7a02 elementor-widget elementor-widget-spacer\" data-id=\"f8d7a02\" data-element_type=\"widget\" data-widget_type=\"spacer.default\">\n\t\t\t\t<div class=\"elementor-widget-container\">\n\t\t\t<style>\/*! elementor - v3.12.2 - 23-04-2023 *\/\n.elementor-column .elementor-spacer-inner{height:var(--spacer-size)}.e-con{--container-widget-width:100%}.e-con-inner>.elementor-widget-spacer,.e-con>.elementor-widget-spacer{width:var(--container-widget-width,var(--spacer-size));--align-self:var(--container-widget-align-self,initial);--flex-shrink:0}.e-con-inner>.elementor-widget-spacer>.elementor-widget-container,.e-con-inner>.elementor-widget-spacer>.elementor-widget-container>.elementor-spacer,.e-con>.elementor-widget-spacer>.elementor-widget-container,.e-con>.elementor-widget-spacer>.elementor-widget-container>.elementor-spacer{height:100%}.e-con-inner>.elementor-widget-spacer>.elementor-widget-container>.elementor-spacer>.elementor-spacer-inner,.e-con>.elementor-widget-spacer>.elementor-widget-container>.elementor-spacer>.elementor-spacer-inner{height:var(--container-widget-height,var(--spacer-size))}<\/style>\t\t<div class=\"elementor-spacer\">\n\t\t\t<div class=\"elementor-spacer-inner\"><\/div>\n\t\t<\/div>\n\t\t\t\t<\/div>\n\t\t\t\t<\/div>\n\t\t\t\t\t<\/div>\n\t\t<\/div>\n\t\t\t\t\t\t\t<\/div>\n\t\t<\/section>\n\t\t\t\t\t\t\t<\/div>\n\t\t","protected":false},"excerpt":{"rendered":"<p>MDS MEUBLES MDS Meubles Deco Shop Center \u00a0 RUE HAMO\u0130R 24 &amp; RUE DE BELLE VUE 19 LA LOUV\u0130\u00c8RE Tel: 064 26 17 81\u00a0info@mdsmeubles.be MDS DECO SHOP MDS Deco Shop\u00a0RUE HAMO\u0130R 22 LA LOUV\u0130\u00c8RE\u00a0 Tel: 064 26 17 81 info@mdsmeubles.be MDS MEUBLES 2 MDS Meubles Deco Shop Center 2 &nbsp; RUE ALBERT 1er 27 LA &hellip; <br \/><a href=\"http:\/\/mdsmeubles.be\/meubles\/contact\/\" class=\"more-link\">Continue reading <span class=\"screen-reader-text\">Contact<\/span><\/a><\/p>\n","protected":false},"author":1,"featured_media":0,"parent":0,"menu_order":0,"comment_status":"closed","ping_status":"closed","template":"","meta":{"footnotes":""},"class_list":["post-176","page","type-page","status-publish","hentry"],"yoast_head":"<!-- This site is optimized with the Yoast SEO plugin v20.11 - https:\/\/yoast.com\/wordpress\/plugins\/seo\/ -->\n<title>Contact - MDS<\/title>\n<meta name=\"robots\" content=\"index, follow, max-snippet:-1, max-image-preview:large, max-video-preview:-1\" \/>\n<link rel=\"canonical\" href=\"http:\/\/mdsmeubles.be\/meubles\/contact\/\" \/>\n<meta property=\"og:locale\" content=\"tr_TR\" \/>\n<meta property=\"og:type\" content=\"article\" \/>\n<meta property=\"og:title\" content=\"Contact - MDS\" \/>\n<meta property=\"og:description\" content=\"MDS MEUBLES MDS Meubles Deco Shop Center \u00a0 RUE HAMO\u0130R 24 &amp; RUE DE BELLE VUE 19 LA LOUV\u0130\u00c8RE Tel: 064 26 17 81\u00a0info@mdsmeubles.be MDS DECO SHOP MDS Deco Shop\u00a0RUE HAMO\u0130R 22 LA LOUV\u0130\u00c8RE\u00a0 Tel: 064 26 17 81 info@mdsmeubles.be MDS MEUBLES 2 MDS Meubles Deco Shop Center 2 &nbsp; RUE ALBERT 1er 27 LA &hellip; Continue reading Contact\" \/>\n<meta property=\"og:url\" content=\"http:\/\/mdsmeubles.be\/meubles\/contact\/\" \/>\n<meta property=\"og:site_name\" content=\"MDS\" \/>\n<meta property=\"article:publisher\" content=\"https:\/\/www.facebook.com\/people\/MDS-Meubles\/100055002043377\/\" \/>\n<meta property=\"article:modified_time\" content=\"2023-01-14T10:58:11+00:00\" \/>\n<meta property=\"og:image\" content=\"http:\/\/mdsmeubles.be\/meubles\/wp-content\/uploads\/2022\/03\/bg-testimonial.jpg\" \/>\n<meta name=\"twitter:card\" content=\"summary_large_image\" \/>\n<script type=\"application\/ld+json\" class=\"yoast-schema-graph\">{\"@context\":\"https:\/\/schema.org\",\"@graph\":[{\"@type\":\"WebPage\",\"@id\":\"http:\/\/mdsmeubles.be\/meubles\/contact\/\",\"url\":\"http:\/\/mdsmeubles.be\/meubles\/contact\/\",\"name\":\"Contact - MDS\",\"isPartOf\":{\"@id\":\"http:\/\/mdsmeubles.be\/meubles\/#website\"},\"datePublished\":\"2021-02-27T16:37:40+00:00\",\"dateModified\":\"2023-01-14T10:58:11+00:00\",\"breadcrumb\":{\"@id\":\"http:\/\/mdsmeubles.be\/meubles\/contact\/#breadcrumb\"},\"inLanguage\":\"tr\",\"potentialAction\":[{\"@type\":\"ReadAction\",\"target\":[\"http:\/\/mdsmeubles.be\/meubles\/contact\/\"]}]},{\"@type\":\"BreadcrumbList\",\"@id\":\"http:\/\/mdsmeubles.be\/meubles\/contact\/#breadcrumb\",\"itemListElement\":[{\"@type\":\"ListItem\",\"position\":1,\"name\":\"Anasayfa\",\"item\":\"http:\/\/mdsmeubles.be\/meubles\/\"},{\"@type\":\"ListItem\",\"position\":2,\"name\":\"Contact\"}]},{\"@type\":\"WebSite\",\"@id\":\"http:\/\/mdsmeubles.be\/meubles\/#website\",\"url\":\"http:\/\/mdsmeubles.be\/meubles\/\",\"name\":\"MDS Meubles\",\"description\":\"Meubles Shop Center\",\"publisher\":{\"@id\":\"http:\/\/mdsmeubles.be\/meubles\/#organization\"},\"alternateName\":\"mdsmeubles.be\",\"potentialAction\":[{\"@type\":\"SearchAction\",\"target\":{\"@type\":\"EntryPoint\",\"urlTemplate\":\"http:\/\/mdsmeubles.be\/meubles\/?s={search_term_string}\"},\"query-input\":\"required name=search_term_string\"}],\"inLanguage\":\"tr\"},{\"@type\":\"Organization\",\"@id\":\"http:\/\/mdsmeubles.be\/meubles\/#organization\",\"name\":\"MDS Meubles Shop Center\",\"url\":\"http:\/\/mdsmeubles.be\/meubles\/\",\"logo\":{\"@type\":\"ImageObject\",\"inLanguage\":\"tr\",\"@id\":\"http:\/\/mdsmeubles.be\/meubles\/#\/schema\/logo\/image\/\",\"url\":\"http:\/\/mdsmeubles.be\/meubles\/wp-content\/uploads\/2021\/02\/mdsmeubles_logo-1.png\",\"contentUrl\":\"http:\/\/mdsmeubles.be\/meubles\/wp-content\/uploads\/2021\/02\/mdsmeubles_logo-1.png\",\"width\":296,\"height\":158,\"caption\":\"MDS Meubles Shop Center\"},\"image\":{\"@id\":\"http:\/\/mdsmeubles.be\/meubles\/#\/schema\/logo\/image\/\"},\"sameAs\":[\"https:\/\/www.facebook.com\/people\/MDS-Meubles\/100055002043377\/\",\"https:\/\/www.instagram.com\/mdsmeubles\/\"]}]}<\/script>\n<!-- \/ Yoast SEO plugin. -->","yoast_head_json":{"title":"Contact - MDS","robots":{"index":"index","follow":"follow","max-snippet":"max-snippet:-1","max-image-preview":"max-image-preview:large","max-video-preview":"max-video-preview:-1"},"canonical":"http:\/\/mdsmeubles.be\/meubles\/contact\/","og_locale":"tr_TR","og_type":"article","og_title":"Contact - MDS","og_description":"MDS MEUBLES MDS Meubles Deco Shop Center \u00a0 RUE HAMO\u0130R 24 &amp; RUE DE BELLE VUE 19 LA LOUV\u0130\u00c8RE Tel: 064 26 17 81\u00a0info@mdsmeubles.be MDS DECO SHOP MDS Deco Shop\u00a0RUE HAMO\u0130R 22 LA LOUV\u0130\u00c8RE\u00a0 Tel: 064 26 17 81 info@mdsmeubles.be MDS MEUBLES 2 MDS Meubles Deco Shop Center 2 &nbsp; RUE ALBERT 1er 27 LA &hellip; Continue reading Contact","og_url":"http:\/\/mdsmeubles.be\/meubles\/contact\/","og_site_name":"MDS","article_publisher":"https:\/\/www.facebook.com\/people\/MDS-Meubles\/100055002043377\/","article_modified_time":"2023-01-14T10:58:11+00:00","og_image":[{"url":"http:\/\/mdsmeubles.be\/meubles\/wp-content\/uploads\/2022\/03\/bg-testimonial.jpg"}],"twitter_card":"summary_large_image","schema":{"@context":"https:\/\/schema.org","@graph":[{"@type":"WebPage","@id":"http:\/\/mdsmeubles.be\/meubles\/contact\/","url":"http:\/\/mdsmeubles.be\/meubles\/contact\/","name":"Contact - MDS","isPartOf":{"@id":"http:\/\/mdsmeubles.be\/meubles\/#website"},"datePublished":"2021-02-27T16:37:40+00:00","dateModified":"2023-01-14T10:58:11+00:00","breadcrumb":{"@id":"http:\/\/mdsmeubles.be\/meubles\/contact\/#breadcrumb"},"inLanguage":"tr","potentialAction":[{"@type":"ReadAction","target":["http:\/\/mdsmeubles.be\/meubles\/contact\/"]}]},{"@type":"BreadcrumbList","@id":"http:\/\/mdsmeubles.be\/meubles\/contact\/#breadcrumb","itemListElement":[{"@type":"ListItem","position":1,"name":"Anasayfa","item":"http:\/\/mdsmeubles.be\/meubles\/"},{"@type":"ListItem","position":2,"name":"Contact"}]},{"@type":"WebSite","@id":"http:\/\/mdsmeubles.be\/meubles\/#website","url":"http:\/\/mdsmeubles.be\/meubles\/","name":"MDS Meubles","description":"Meubles Shop Center","publisher":{"@id":"http:\/\/mdsmeubles.be\/meubles\/#organization"},"alternateName":"mdsmeubles.be","potentialAction":[{"@type":"SearchAction","target":{"@type":"EntryPoint","urlTemplate":"http:\/\/mdsmeubles.be\/meubles\/?s={search_term_string}"},"query-input":"required name=search_term_string"}],"inLanguage":"tr"},{"@type":"Organization","@id":"http:\/\/mdsmeubles.be\/meubles\/#organization","name":"MDS Meubles Shop Center","url":"http:\/\/mdsmeubles.be\/meubles\/","logo":{"@type":"ImageObject","inLanguage":"tr","@id":"http:\/\/mdsmeubles.be\/meubles\/#\/schema\/logo\/image\/","url":"http:\/\/mdsmeubles.be\/meubles\/wp-content\/uploads\/2021\/02\/mdsmeubles_logo-1.png","contentUrl":"http:\/\/mdsmeubles.be\/meubles\/wp-content\/uploads\/2021\/02\/mdsmeubles_logo-1.png","width":296,"height":158,"caption":"MDS Meubles Shop Center"},"image":{"@id":"http:\/\/mdsmeubles.be\/meubles\/#\/schema\/logo\/image\/"},"sameAs":["https:\/\/www.facebook.com\/people\/MDS-Meubles\/100055002043377\/","https:\/\/www.instagram.com\/mdsmeubles\/"]}]}},"_links":{"self":[{"href":"http:\/\/mdsmeubles.be\/meubles\/wp-json\/wp\/v2\/pages\/176","targetHints":{"allow":["GET"]}}],"collection":[{"href":"http:\/\/mdsmeubles.be\/meubles\/wp-json\/wp\/v2\/pages"}],"about":[{"href":"http:\/\/mdsmeubles.be\/meubles\/wp-json\/wp\/v2\/types\/page"}],"author":[{"embeddable":true,"href":"http:\/\/mdsmeubles.be\/meubles\/wp-json\/wp\/v2\/users\/1"}],"replies":[{"embeddable":true,"href":"http:\/\/mdsmeubles.be\/meubles\/wp-json\/wp\/v2\/comments?post=176"}],"version-history":[{"count":46,"href":"http:\/\/mdsmeubles.be\/meubles\/wp-json\/wp\/v2\/pages\/176\/revisions"}],"predecessor-version":[{"id":11941,"href":"http:\/\/mdsmeubles.be\/meubles\/wp-json\/wp\/v2\/pages\/176\/revisions\/11941"}],"wp:attachment":[{"href":"http:\/\/mdsmeubles.be\/meubles\/wp-json\/wp\/v2\/media?parent=176"}],"curies":[{"name":"wp","href":"https:\/\/api.w.org\/{rel}","templated":true}]}}